{"id":2362,"date":"2024-10-05T07:32:29","date_gmt":"2024-10-05T07:32:29","guid":{"rendered":"https:\/\/k1wy.com\/?page_id=2362"},"modified":"2025-10-22T07:08:27","modified_gmt":"2025-10-22T07:08:27","slug":"elementor-2362","status":"publish","type":"page","link":"https:\/\/k1wy.com\/?page_id=2362","title":{"rendered":"Elementor #2362"},"content":{"rendered":"\t\t<div data-elementor-type=\"wp-page\" data-elementor-id=\"2362\" class=\"elementor elementor-2362\">\n\t\t\t\t\t\t<section class=\"elementor-section elementor-top-section elementor-element elementor-element-baf3877 elementor-section-full_width elementor-section-height-default elementor-section-height-default\" data-id=\"baf3877\" data-element_type=\"section\" data-e-type=\"section\">\n\t\t\t\t\t\t<div class=\"elementor-container elementor-column-gap-no\">\n\t\t\t\t\t<div class=\"elementor-column elementor-col-50 elementor-top-column elementor-element elementor-element-d1329de\" data-id=\"d1329de\" data-element_type=\"column\" data-e-type=\"column\">\n\t\t\t<div class=\"elementor-widget-wrap elementor-element-populated\">\n\t\t\t\t\t\t<div class=\"elementor-element elementor-element-28b17c8 elementor-widget elementor-widget-heading\" data-id=\"28b17c8\" data-element_type=\"widget\" data-e-type=\"widget\" data-widget_type=\"heading.default\">\n\t\t\t\t<div class=\"elementor-widget-container\">\n\t\t\t\t\t<h5 class=\"elementor-heading-title elementor-size-default\"><a href=\"http:\/\/www.k1wy.com\">K1WY<\/a><\/h5>\t\t\t\t<\/div>\n\t\t\t\t<\/div>\n\t\t\t\t\t<\/div>\n\t\t<\/div>\n\t\t\t\t<div class=\"elementor-column elementor-col-50 elementor-top-column elementor-element elementor-element-07c9d5f\" data-id=\"07c9d5f\" data-element_type=\"column\" data-e-type=\"column\">\n\t\t\t<div class=\"elementor-widget-wrap\">\n\t\t\t\t\t\t\t<\/div>\n\t\t<\/div>\n\t\t\t\t\t<\/div>\n\t\t<\/section>\n\t\t\t\t<section class=\"elementor-section elementor-top-section elementor-element elementor-element-519e4ae elementor-section-full_width elementor-section-height-default elementor-section-height-default\" data-id=\"519e4ae\" data-element_type=\"section\" data-e-type=\"section\">\n\t\t\t\t\t\t<div class=\"elementor-container elementor-column-gap-no\">\n\t\t\t\t\t<div class=\"elementor-column elementor-col-33 elementor-top-column elementor-element elementor-element-59e46d1\" data-id=\"59e46d1\" data-element_type=\"column\" data-e-type=\"column\">\n\t\t\t<div class=\"elementor-widget-wrap elementor-element-populated\">\n\t\t\t\t\t\t<div class=\"elementor-element elementor-element-f4ebc52 elementor-widget elementor-widget-heading\" data-id=\"f4ebc52\" data-element_type=\"widget\" data-e-type=\"widget\" data-widget_type=\"heading.default\">\n\t\t\t\t<div class=\"elementor-widget-container\">\n\t\t\t\t\t<h2 class=\"elementor-heading-title elementor-size-default\"><a href=\"https:\/\/k1wy.com\/?page_id=927\">Painting<\/a><\/h2>\t\t\t\t<\/div>\n\t\t\t\t<\/div>\n\t\t\t\t<div class=\"elementor-element elementor-element-69c4e38 elementor-widget elementor-widget-heading\" data-id=\"69c4e38\" data-element_type=\"widget\" data-e-type=\"widget\" data-widget_type=\"heading.default\">\n\t\t\t\t<div class=\"elementor-widget-container\">\n\t\t\t\t\t<h2 class=\"elementor-heading-title elementor-size-default\"><a href=\"https:\/\/k1wy.com\/?page_id=2536\">Drawing<\/a><\/h2>\t\t\t\t<\/div>\n\t\t\t\t<\/div>\n\t\t\t\t<div class=\"elementor-element elementor-element-3320475 elementor-widget elementor-widget-heading\" data-id=\"3320475\" data-element_type=\"widget\" data-e-type=\"widget\" data-widget_type=\"heading.default\">\n\t\t\t\t<div class=\"elementor-widget-container\">\n\t\t\t\t\t<h2 class=\"elementor-heading-title elementor-size-default\"><a href=\"https:\/\/k1wy.com\/?page_id=2635\">Video<\/a><\/h2>\t\t\t\t<\/div>\n\t\t\t\t<\/div>\n\t\t\t\t<div class=\"elementor-element elementor-element-a52159f elementor-widget elementor-widget-heading\" data-id=\"a52159f\" data-element_type=\"widget\" data-e-type=\"widget\" data-widget_type=\"heading.default\">\n\t\t\t\t<div class=\"elementor-widget-container\">\n\t\t\t\t\t<h2 class=\"elementor-heading-title elementor-size-default\"><a href=\"https:\/\/k1wy.com\/?page_id=2684\">Exhibitions<\/a><\/h2>\t\t\t\t<\/div>\n\t\t\t\t<\/div>\n\t\t\t\t<div class=\"elementor-element elementor-element-1162230 elementor-widget elementor-widget-heading\" data-id=\"1162230\" data-element_type=\"widget\" data-e-type=\"widget\" data-widget_type=\"heading.default\">\n\t\t\t\t<div class=\"elementor-widget-container\">\n\t\t\t\t\t<h2 class=\"elementor-heading-title elementor-size-default\"><a href=\"https:\/\/k1wy.com\/?page_id=81\">Contact<\/a><\/h2>\t\t\t\t<\/div>\n\t\t\t\t<\/div>\n\t\t\t\t<div class=\"elementor-element elementor-element-1647374 elementor-widget elementor-widget-heading\" data-id=\"1647374\" data-element_type=\"widget\" data-e-type=\"widget\" data-widget_type=\"heading.default\">\n\t\t\t\t<div class=\"elementor-widget-container\">\n\t\t\t\t\t<h2 class=\"elementor-heading-title elementor-size-default\"><a href=\"https:\/\/k1wy.bigcartel.com\/\">Shop<\/a><\/h2>\t\t\t\t<\/div>\n\t\t\t\t<\/div>\n\t\t\t\t\t<\/div>\n\t\t<\/div>\n\t\t\t\t<div class=\"elementor-column elementor-col-33 elementor-top-column elementor-element elementor-element-0035d7e\" data-id=\"0035d7e\" data-element_type=\"column\" data-e-type=\"column\">\n\t\t\t<div class=\"elementor-widget-wrap elementor-element-populated\">\n\t\t\t\t\t\t<div class=\"elementor-element elementor-element-eadcbe2 elementor-widget elementor-widget-text-editor\" data-id=\"eadcbe2\" data-element_type=\"widget\" data-e-type=\"widget\" data-widget_type=\"text-editor.default\">\n\t\t\t\t<div class=\"elementor-widget-container\">\n\t\t\t\t\t\t\t\t\t<p>Elige este momento,<br \/>Elige un sonido de sinte,<br \/>Elige una superficie,<br \/>Elige improvisar,<br \/>Elige bailar con tus lobos,<br \/>Elige un p\u00e1lpito,<br \/>Elige vibrar,<br \/>Elige ser libre,<br \/>Elige la carta del loco,<br \/>Elige ser t\u00fa.<\/p><p><br \/>\u00bfHay algo m\u00e1s bello que amar el vivir? El esp\u00edritu y la actitud es lo que nos define en el<br \/>d\u00eda a d\u00eda. Rodeados de tiempo y espacio, actuamos y tomamos decisiones que van<br \/>conformando nuestros prop\u00f3sitos en la vida. El cerebro procesa unos 20 trillones de<br \/>impulsos por segundo antes de que surja la conciencia. El libre albedr\u00edo interviene al<br \/>decidir c\u00f3mo responder a este bombardeo de est\u00edmulos. Aunque parece un enigma<br \/>desde afuera, decodificamos el caos y respondemos al instante. Un hermoso acto de<br \/>rebeli\u00f3n neuronal, all\u00e1 va lo que nos define.<\/p><p><br \/>Miquel Boneta (Tremp, 1998) tiene la virtud de nutrir sus ondas cerebrales con el amplio<br \/>abanico de las experiencias vitales, sin temor a experimentar cada uno de los caminos<br \/>que su mente abre. Desde la libertad de permitir que su propia naturaleza se exprese<br \/>plenamente, abraza cada rebeli\u00f3n que surge en su cerebro. Nadie es tan fiel a s\u00ed mismo<br \/>como aquel que act\u00faa sin pretensiones, guiado \u00fanicamente por la necesidad innata de<br \/>crear por diversi\u00f3n. Para Miquel, el concepto del superhombre ha perdido su significado<br \/>en la sociedad contempor\u00e1nea. \u00c9l tiene prisa por vivir y es muy consciente de que &#8220;a<br \/>cada tiempo su arte, a cada arte su libertad.\u201d (1)<\/p><p><br \/>\u201cAnti super\u201d es un h\u00e9roe invisible, sin capa, sin m\u00e1scara, pero con el superpoder de la<br \/>intuici\u00f3n infalible y el mantra \u201cHaz lo que quieras, disfruta como quieras\u201d, un conjunto<br \/>de obras que nace de su estancia este \u00faltimo a\u00f1o en Madrid y en donde el ritmo de una<br \/>ciudad que nunca duerme abruma a las almas creativas.<br \/>En esta di\u00e1spora inspiracional la urbe fomenta la creatividad en todas sus vertientes y<br \/>aunque puede parecer un sacrilegio alejarse de la solemne pintura, es aqu\u00ed donde<br \/>percibimos la vida infinita de un lienzo m\u00e1s all\u00e1 de sus l\u00edmites. \u201cAnti Super\u201d nace de la<br \/>vibraci\u00f3n, de las frecuencias y de un romance plat\u00f3nico con la idea de que la obra en s\u00ed<br \/>misma es una performance. La m\u00fasica irrumpe en el espacio art\u00edstico y transforma la experiencia creativa, su mente<br \/>vuela alto en lo que \u00e9l denomina &#8220;Sinestesia Surfing&#8221;, un proceso cercano al<br \/>automatismo donde la creaci\u00f3n surge del remix simult\u00e1neo de diversas disciplinas.<br \/>Dibujar, pintar, bailar, cortar, pegar, rasgar \u2026 La espontaneidad que caracteriza este<br \/>proceso nos acerca a los trances creativos de aquellos que bailan con la pintura, el<br \/>resultado es solo la punta del iceberg.<br \/>En este entorno din\u00e1mico, el arte se redefine constantemente, demostrando que la<br \/>verdadera esencia de la creatividad reside en la capacidad de fusionar y reinventar lo<br \/>conocido.<br \/>Es en estos giros inesperados donde se revela la verdadera genialidad y carisma de una<br \/>obra. Cada acci\u00f3n es una p\u00e1gina m\u00e1s en la libreta, y la pintura es solo una fase m\u00e1s para<br \/>llegar a otra disciplina.<\/p><p><br \/>Miquel Boneta nos muestra c\u00f3mo la realidad de uno mismo implica alejarse de lo<br \/>colectivo y elegir la libertad personal por encima de todo. \u201cAnti super\u201d es un proyecto<br \/>sensorial-global que expresa una infinita gratitud por el acto de existir, explora las mil<br \/>maneras en que nuestro cerebro puede reaccionar ante los impulsos de la vida y revela<br \/>lo fascinante de ver el mundo a trav\u00e9s de los ojos de otra persona. Nos invita a<br \/>redescubrirlo como si fuera la primera vez e inspira a comprender que no todo es tan<br \/>serio como parece : \u201cHaz lo que quieras, disfruta como quieras\u201d.<\/p><p><br \/><strong>Victoria Rivers<\/strong><br \/>Comisaria de arte y escritora<\/p>\t\t\t\t\t\t\t\t<\/div>\n\t\t\t\t<\/div>\n\t\t\t\t\t<\/div>\n\t\t<\/div>\n\t\t\t\t<div class=\"elementor-column elementor-col-33 elementor-top-column elementor-element elementor-element-d2dae35\" data-id=\"d2dae35\" data-element_type=\"column\" data-e-type=\"column\">\n\t\t\t<div class=\"elementor-widget-wrap elementor-element-populated\">\n\t\t\t\t\t\t<div class=\"elementor-element elementor-element-4b41d41 elementor-widget elementor-widget-image\" data-id=\"4b41d41\" data-element_type=\"widget\" data-e-type=\"widget\" data-widget_type=\"image.default\">\n\t\t\t\t<div class=\"elementor-widget-container\">\n\t\t\t\t\t\t\t\t\t\t\t\t\t\t\t<img fetchpriority=\"high\" decoding=\"async\" width=\"750\" height=\"500\" src=\"https:\/\/k1wy.com\/wp-content\/uploads\/2024\/10\/DSC0054-copia-1024x683.jpg\" class=\"attachment-large size-large wp-image-2374\" alt=\"\" srcset=\"https:\/\/k1wy.com\/wp-content\/uploads\/2024\/10\/DSC0054-copia-1024x683.jpg 1024w, https:\/\/k1wy.com\/wp-content\/uploads\/2024\/10\/DSC0054-copia-300x200.jpg 300w, https:\/\/k1wy.com\/wp-content\/uploads\/2024\/10\/DSC0054-copia-768x512.jpg 768w, https:\/\/k1wy.com\/wp-content\/uploads\/2024\/10\/DSC0054-copia-1536x1024.jpg 1536w, https:\/\/k1wy.com\/wp-content\/uploads\/2024\/10\/DSC0054-copia-2048x1365.jpg 2048w, https:\/\/k1wy.com\/wp-content\/uploads\/2024\/10\/DSC0054-copia-1568x1045.jpg 1568w\" sizes=\"(max-width: 750px) 100vw, 750px\" style=\"width:100%;height:66.68%;max-width:2560px\" \/>\t\t\t\t\t\t\t\t\t\t\t\t\t\t\t<\/div>\n\t\t\t\t<\/div>\n\t\t\t\t<div class=\"elementor-element elementor-element-8975502 elementor-widget elementor-widget-image\" data-id=\"8975502\" data-element_type=\"widget\" data-e-type=\"widget\" data-widget_type=\"image.default\">\n\t\t\t\t<div class=\"elementor-widget-container\">\n\t\t\t\t\t\t\t\t\t\t\t\t\t\t\t<img decoding=\"async\" width=\"750\" height=\"500\" src=\"https:\/\/k1wy.com\/wp-content\/uploads\/2024\/10\/DSC0026-copia-1024x683.jpg\" class=\"attachment-large size-large wp-image-2376\" alt=\"\" srcset=\"https:\/\/k1wy.com\/wp-content\/uploads\/2024\/10\/DSC0026-copia-1024x683.jpg 1024w, https:\/\/k1wy.com\/wp-content\/uploads\/2024\/10\/DSC0026-copia-300x200.jpg 300w, https:\/\/k1wy.com\/wp-content\/uploads\/2024\/10\/DSC0026-copia-768x512.jpg 768w, https:\/\/k1wy.com\/wp-content\/uploads\/2024\/10\/DSC0026-copia-1536x1024.jpg 1536w, https:\/\/k1wy.com\/wp-content\/uploads\/2024\/10\/DSC0026-copia-2048x1365.jpg 2048w, https:\/\/k1wy.com\/wp-content\/uploads\/2024\/10\/DSC0026-copia-1568x1045.jpg 1568w\" sizes=\"(max-width: 750px) 100vw, 750px\" style=\"width:100%;height:66.68%;max-width:2560px\" \/>\t\t\t\t\t\t\t\t\t\t\t\t\t\t\t<\/div>\n\t\t\t\t<\/div>\n\t\t\t\t<div class=\"elementor-element elementor-element-b4a408e elementor-widget elementor-widget-image\" data-id=\"b4a408e\" data-element_type=\"widget\" data-e-type=\"widget\" data-widget_type=\"image.default\">\n\t\t\t\t<div class=\"elementor-widget-container\">\n\t\t\t\t\t\t\t\t\t\t\t\t\t\t\t<img decoding=\"async\" width=\"750\" height=\"500\" src=\"https:\/\/k1wy.com\/wp-content\/uploads\/2024\/10\/DSC0031-copia-1024x683.jpg\" class=\"attachment-large size-large wp-image-2378\" alt=\"\" srcset=\"https:\/\/k1wy.com\/wp-content\/uploads\/2024\/10\/DSC0031-copia-1024x683.jpg 1024w, https:\/\/k1wy.com\/wp-content\/uploads\/2024\/10\/DSC0031-copia-300x200.jpg 300w, https:\/\/k1wy.com\/wp-content\/uploads\/2024\/10\/DSC0031-copia-768x512.jpg 768w, https:\/\/k1wy.com\/wp-content\/uploads\/2024\/10\/DSC0031-copia-1536x1024.jpg 1536w, https:\/\/k1wy.com\/wp-content\/uploads\/2024\/10\/DSC0031-copia-2048x1365.jpg 2048w, https:\/\/k1wy.com\/wp-content\/uploads\/2024\/10\/DSC0031-copia-1568x1045.jpg 1568w\" sizes=\"(max-width: 750px) 100vw, 750px\" style=\"width:100%;height:66.68%;max-width:2560px\" \/>\t\t\t\t\t\t\t\t\t\t\t\t\t\t\t<\/div>\n\t\t\t\t<\/div>\n\t\t\t\t<div class=\"elementor-element elementor-element-b1f7831 elementor-widget elementor-widget-image\" data-id=\"b1f7831\" data-element_type=\"widget\" data-e-type=\"widget\" data-widget_type=\"image.default\">\n\t\t\t\t<div class=\"elementor-widget-container\">\n\t\t\t\t\t\t\t\t\t\t\t\t\t\t\t<img loading=\"lazy\" decoding=\"async\" width=\"750\" height=\"500\" src=\"https:\/\/k1wy.com\/wp-content\/uploads\/2024\/10\/DSC0021-copia-1024x683.jpg\" class=\"attachment-large size-large wp-image-2375\" alt=\"\" srcset=\"https:\/\/k1wy.com\/wp-content\/uploads\/2024\/10\/DSC0021-copia-1024x683.jpg 1024w, https:\/\/k1wy.com\/wp-content\/uploads\/2024\/10\/DSC0021-copia-300x200.jpg 300w, https:\/\/k1wy.com\/wp-content\/uploads\/2024\/10\/DSC0021-copia-768x512.jpg 768w, https:\/\/k1wy.com\/wp-content\/uploads\/2024\/10\/DSC0021-copia-1536x1024.jpg 1536w, https:\/\/k1wy.com\/wp-content\/uploads\/2024\/10\/DSC0021-copia-2048x1365.jpg 2048w, https:\/\/k1wy.com\/wp-content\/uploads\/2024\/10\/DSC0021-copia-1568x1045.jpg 1568w\" sizes=\"(max-width: 750px) 100vw, 750px\" style=\"width:100%;height:66.68%;max-width:2560px\" \/>\t\t\t\t\t\t\t\t\t\t\t\t\t\t\t<\/div>\n\t\t\t\t<\/div>\n\t\t\t\t\t<\/div>\n\t\t<\/div>\n\t\t\t\t\t<\/div>\n\t\t<\/section>\n\t\t\t\t<section class=\"elementor-section elementor-top-section elementor-element elementor-element-e18ae9b elementor-section-boxed elementor-section-height-default elementor-section-height-default\" data-id=\"e18ae9b\" data-element_type=\"section\" data-e-type=\"section\">\n\t\t\t\t\t\t<div class=\"elementor-container elementor-column-gap-default\">\n\t\t\t\t\t<div class=\"elementor-column elementor-col-100 elementor-top-column elementor-element elementor-element-89374de\" data-id=\"89374de\" data-element_type=\"column\" data-e-type=\"column\">\n\t\t\t<div class=\"elementor-widget-wrap elementor-element-populated\">\n\t\t\t\t\t\t<div class=\"elementor-element elementor-element-fd766c1 elementor-widget elementor-widget-image\" data-id=\"fd766c1\" data-element_type=\"widget\" data-e-type=\"widget\" data-widget_type=\"image.default\">\n\t\t\t\t<div class=\"elementor-widget-container\">\n\t\t\t\t\t\t\t\t\t\t\t\t\t\t\t<img loading=\"lazy\" decoding=\"async\" width=\"750\" height=\"500\" src=\"https:\/\/k1wy.com\/wp-content\/uploads\/2024\/10\/DSC0030-copia-1024x683.jpg\" class=\"attachment-large size-large wp-image-2377\" alt=\"\" srcset=\"https:\/\/k1wy.com\/wp-content\/uploads\/2024\/10\/DSC0030-copia-1024x683.jpg 1024w, https:\/\/k1wy.com\/wp-content\/uploads\/2024\/10\/DSC0030-copia-300x200.jpg 300w, https:\/\/k1wy.com\/wp-content\/uploads\/2024\/10\/DSC0030-copia-768x512.jpg 768w, https:\/\/k1wy.com\/wp-content\/uploads\/2024\/10\/DSC0030-copia-1536x1024.jpg 1536w, https:\/\/k1wy.com\/wp-content\/uploads\/2024\/10\/DSC0030-copia-2048x1365.jpg 2048w, https:\/\/k1wy.com\/wp-content\/uploads\/2024\/10\/DSC0030-copia-1568x1045.jpg 1568w\" sizes=\"(max-width: 750px) 100vw, 750px\" style=\"width:100%;height:66.68%;max-width:2560px\" \/>\t\t\t\t\t\t\t\t\t\t\t\t\t\t\t<\/div>\n\t\t\t\t<\/div>\n\t\t\t\t\t<\/div>\n\t\t<\/div>\n\t\t\t\t\t<\/div>\n\t\t<\/section>\n\t\t\t\t<section class=\"elementor-section elementor-top-section elementor-element elementor-element-db5593a elementor-section-boxed elementor-section-height-default elementor-section-height-default\" data-id=\"db5593a\" data-element_type=\"section\" data-e-type=\"section\">\n\t\t\t\t\t\t<div class=\"elementor-container elementor-column-gap-default\">\n\t\t\t\t\t<div class=\"elementor-column elementor-col-50 elementor-top-column elementor-element elementor-element-ba92450\" data-id=\"ba92450\" data-element_type=\"column\" data-e-type=\"column\">\n\t\t\t<div class=\"elementor-widget-wrap elementor-element-populated\">\n\t\t\t\t\t\t<div class=\"elementor-element elementor-element-552d5ff elementor-widget elementor-widget-image\" data-id=\"552d5ff\" data-element_type=\"widget\" data-e-type=\"widget\" data-widget_type=\"image.default\">\n\t\t\t\t<div class=\"elementor-widget-container\">\n\t\t\t\t\t\t\t\t\t\t\t\t\t\t\t<img loading=\"lazy\" decoding=\"async\" width=\"750\" height=\"500\" src=\"https:\/\/k1wy.com\/wp-content\/uploads\/2024\/10\/DSC0049-copia-1024x683.jpg\" class=\"attachment-large size-large wp-image-2373\" alt=\"\" srcset=\"https:\/\/k1wy.com\/wp-content\/uploads\/2024\/10\/DSC0049-copia-1024x683.jpg 1024w, https:\/\/k1wy.com\/wp-content\/uploads\/2024\/10\/DSC0049-copia-300x200.jpg 300w, https:\/\/k1wy.com\/wp-content\/uploads\/2024\/10\/DSC0049-copia-768x512.jpg 768w, https:\/\/k1wy.com\/wp-content\/uploads\/2024\/10\/DSC0049-copia-1536x1024.jpg 1536w, https:\/\/k1wy.com\/wp-content\/uploads\/2024\/10\/DSC0049-copia-2048x1365.jpg 2048w, https:\/\/k1wy.com\/wp-content\/uploads\/2024\/10\/DSC0049-copia-1568x1045.jpg 1568w\" sizes=\"(max-width: 750px) 100vw, 750px\" style=\"width:100%;height:66.68%;max-width:2560px\" \/>\t\t\t\t\t\t\t\t\t\t\t\t\t\t\t<\/div>\n\t\t\t\t<\/div>\n\t\t\t\t<div class=\"elementor-element elementor-element-c3f4c89 elementor-widget elementor-widget-image\" data-id=\"c3f4c89\" data-element_type=\"widget\" data-e-type=\"widget\" data-widget_type=\"image.default\">\n\t\t\t\t<div class=\"elementor-widget-container\">\n\t\t\t\t\t\t\t\t\t\t\t\t\t\t\t<img loading=\"lazy\" decoding=\"async\" width=\"750\" height=\"500\" src=\"https:\/\/k1wy.com\/wp-content\/uploads\/2024\/10\/DSC0033-copia-1024x683.jpg\" class=\"attachment-large size-large wp-image-2369\" alt=\"\" srcset=\"https:\/\/k1wy.com\/wp-content\/uploads\/2024\/10\/DSC0033-copia-1024x683.jpg 1024w, https:\/\/k1wy.com\/wp-content\/uploads\/2024\/10\/DSC0033-copia-300x200.jpg 300w, https:\/\/k1wy.com\/wp-content\/uploads\/2024\/10\/DSC0033-copia-768x512.jpg 768w, https:\/\/k1wy.com\/wp-content\/uploads\/2024\/10\/DSC0033-copia-1536x1024.jpg 1536w, https:\/\/k1wy.com\/wp-content\/uploads\/2024\/10\/DSC0033-copia-2048x1365.jpg 2048w, https:\/\/k1wy.com\/wp-content\/uploads\/2024\/10\/DSC0033-copia-1568x1045.jpg 1568w\" sizes=\"(max-width: 750px) 100vw, 750px\" style=\"width:100%;height:66.68%;max-width:2560px\" \/>\t\t\t\t\t\t\t\t\t\t\t\t\t\t\t<\/div>\n\t\t\t\t<\/div>\n\t\t\t\t\t<\/div>\n\t\t<\/div>\n\t\t\t\t<div class=\"elementor-column elementor-col-50 elementor-top-column elementor-element elementor-element-72859d8\" data-id=\"72859d8\" data-element_type=\"column\" data-e-type=\"column\">\n\t\t\t<div class=\"elementor-widget-wrap elementor-element-populated\">\n\t\t\t\t\t\t<div class=\"elementor-element elementor-element-cb1ce27 elementor-widget elementor-widget-image\" data-id=\"cb1ce27\" data-element_type=\"widget\" data-e-type=\"widget\" data-widget_type=\"image.default\">\n\t\t\t\t<div class=\"elementor-widget-container\">\n\t\t\t\t\t\t\t\t\t\t\t\t\t\t\t<img loading=\"lazy\" decoding=\"async\" width=\"750\" height=\"500\" src=\"https:\/\/k1wy.com\/wp-content\/uploads\/2024\/10\/DSC0043-copia-1024x683.jpg\" class=\"attachment-large size-large wp-image-2371\" alt=\"\" srcset=\"https:\/\/k1wy.com\/wp-content\/uploads\/2024\/10\/DSC0043-copia-1024x683.jpg 1024w, https:\/\/k1wy.com\/wp-content\/uploads\/2024\/10\/DSC0043-copia-300x200.jpg 300w, https:\/\/k1wy.com\/wp-content\/uploads\/2024\/10\/DSC0043-copia-768x512.jpg 768w, https:\/\/k1wy.com\/wp-content\/uploads\/2024\/10\/DSC0043-copia-1536x1024.jpg 1536w, https:\/\/k1wy.com\/wp-content\/uploads\/2024\/10\/DSC0043-copia-2048x1365.jpg 2048w, https:\/\/k1wy.com\/wp-content\/uploads\/2024\/10\/DSC0043-copia-1568x1045.jpg 1568w\" sizes=\"(max-width: 750px) 100vw, 750px\" style=\"width:100%;height:66.68%;max-width:2560px\" \/>\t\t\t\t\t\t\t\t\t\t\t\t\t\t\t<\/div>\n\t\t\t\t<\/div>\n\t\t\t\t<div class=\"elementor-element elementor-element-91e5a15 elementor-widget elementor-widget-image\" data-id=\"91e5a15\" data-element_type=\"widget\" data-e-type=\"widget\" data-widget_type=\"image.default\">\n\t\t\t\t<div class=\"elementor-widget-container\">\n\t\t\t\t\t\t\t\t\t\t\t\t\t\t\t<img loading=\"lazy\" decoding=\"async\" width=\"750\" height=\"500\" src=\"https:\/\/k1wy.com\/wp-content\/uploads\/2024\/10\/DSC0038-copia-1024x683.jpg\" class=\"attachment-large size-large wp-image-2370\" alt=\"\" srcset=\"https:\/\/k1wy.com\/wp-content\/uploads\/2024\/10\/DSC0038-copia-1024x683.jpg 1024w, https:\/\/k1wy.com\/wp-content\/uploads\/2024\/10\/DSC0038-copia-300x200.jpg 300w, https:\/\/k1wy.com\/wp-content\/uploads\/2024\/10\/DSC0038-copia-768x512.jpg 768w, https:\/\/k1wy.com\/wp-content\/uploads\/2024\/10\/DSC0038-copia-1536x1024.jpg 1536w, https:\/\/k1wy.com\/wp-content\/uploads\/2024\/10\/DSC0038-copia-2048x1365.jpg 2048w, https:\/\/k1wy.com\/wp-content\/uploads\/2024\/10\/DSC0038-copia-1568x1045.jpg 1568w\" sizes=\"(max-width: 750px) 100vw, 750px\" style=\"width:100%;height:66.68%;max-width:2560px\" \/>\t\t\t\t\t\t\t\t\t\t\t\t\t\t\t<\/div>\n\t\t\t\t<\/div>\n\t\t\t\t\t<\/div>\n\t\t<\/div>\n\t\t\t\t\t<\/div>\n\t\t<\/section>\n\t\t\t\t<section class=\"elementor-section elementor-top-section elementor-element elementor-element-6aec226 elementor-section-boxed elementor-section-height-default elementor-section-height-default\" data-id=\"6aec226\" data-element_type=\"section\" data-e-type=\"section\">\n\t\t\t\t\t\t<div class=\"elementor-container elementor-column-gap-default\">\n\t\t\t\t\t<div class=\"elementor-column elementor-col-100 elementor-top-column elementor-element elementor-element-f540b9e\" data-id=\"f540b9e\" data-element_type=\"column\" data-e-type=\"column\">\n\t\t\t<div class=\"elementor-widget-wrap\">\n\t\t\t\t\t\t\t<\/div>\n\t\t<\/div>\n\t\t\t\t\t<\/div>\n\t\t<\/section>\n\t\t\t\t<\/div>\n\t\t","protected":false},"excerpt":{"rendered":"<p>K1WY Painting Drawing Video Exhibitions Contact Shop Elige este momento,Elige un sonido de sinte,Elige una superficie,Elige improvisar,Elige bailar con tus lobos,Elige un p\u00e1lpito,Elige vibrar,Elige ser libre,Elige la carta del loco,Elige ser t\u00fa. \u00bfHay algo m\u00e1s bello que amar el vivir? El esp\u00edritu y la actitud es lo que nos define en eld\u00eda a d\u00eda. Rodeados&hellip; <a class=\"more-link\" href=\"https:\/\/k1wy.com\/?page_id=2362\">Continue reading <span class=\"screen-reader-text\">Elementor #2362<\/span><\/a><\/p>\n","protected":false},"author":1,"featured_media":0,"parent":0,"menu_order":0,"comment_status":"closed","ping_status":"closed","template":"elementor_canvas","meta":{"om_disable_all_campaigns":false,"_monsterinsights_skip_tracking":false,"_monsterinsights_sitenote_active":false,"_monsterinsights_sitenote_note":"","_monsterinsights_sitenote_category":0,"spay_email":"","footnotes":""},"class_list":["post-2362","page","type-page","status-publish","hentry","entry"],"aioseo_notices":[],"_links":{"self":[{"href":"https:\/\/k1wy.com\/index.php?rest_route=\/wp\/v2\/pages\/2362","targetHints":{"allow":["GET"]}}],"collection":[{"href":"https:\/\/k1wy.com\/index.php?rest_route=\/wp\/v2\/pages"}],"about":[{"href":"https:\/\/k1wy.com\/index.php?rest_route=\/wp\/v2\/types\/page"}],"author":[{"embeddable":true,"href":"https:\/\/k1wy.com\/index.php?rest_route=\/wp\/v2\/users\/1"}],"replies":[{"embeddable":true,"href":"https:\/\/k1wy.com\/index.php?rest_route=%2Fwp%2Fv2%2Fcomments&post=2362"}],"version-history":[{"count":32,"href":"https:\/\/k1wy.com\/index.php?rest_route=\/wp\/v2\/pages\/2362\/revisions"}],"predecessor-version":[{"id":3159,"href":"https:\/\/k1wy.com\/index.php?rest_route=\/wp\/v2\/pages\/2362\/revisions\/3159"}],"wp:attachment":[{"href":"https:\/\/k1wy.com\/index.php?rest_route=%2Fwp%2Fv2%2Fmedia&parent=2362"}],"curies":[{"name":"wp","href":"https:\/\/api.w.org\/{rel}","templated":true}]}}